{"id":261,"date":"2019-07-16T23:39:37","date_gmt":"2019-07-17T04:39:37","guid":{"rendered":"https:\/\/startmeabiz.com\/?page_id=180"},"modified":"2019-07-16T23:39:37","modified_gmt":"2019-07-17T04:39:37","slug":"preguntas-frecuentes","status":"publish","type":"page","link":"https:\/\/startmeabiz.com\/es\/preguntas-frecuentes\/","title":{"rendered":"Preguntas frecuentes"},"content":{"rendered":"<h3>\u00bfC\u00f3mo buscar productos?<\/h3>\n<p>Busque productos ingresando el nombre del producto o una palabra clave en el <em>Barra de b\u00fasqueda<\/em> En la parte superior de cualquier p\u00e1gina. Intenta introducir una descripci\u00f3n general. Cuantas m\u00e1s palabras clave uses, menos productos aparecer\u00e1n en la p\u00e1gina de resultados. Cuando encuentres un producto que te interese, simplemente haz clic en el nombre o la imagen para obtener m\u00e1s detalles.<\/p>\n<h3>\u00bfC\u00f3mo se calculan los costos de env\u00edo?<\/h3>\n<p>Los gastos de env\u00edo se calculan seg\u00fan el m\u00e9todo de env\u00edo (a\u00e9reo, mar\u00edtimo o terrestre) y el peso\/volumen del producto. Cada empresa de env\u00edo tiene sus propias tarifas, as\u00ed que conviene comparar cu\u00e1l es la m\u00e1s econ\u00f3mica. Para m\u00e1s informaci\u00f3n sobre c\u00f3mo se calculan los gastos de env\u00edo, por favor... <u><a href=\"\/contact-us\/\">Cont\u00e1ctanos<\/a><\/u> directamente.<\/p>\n<h3>\u00bfQu\u00e9 es la protecci\u00f3n del comprador?<\/h3>\n<p>La protecci\u00f3n del comprador es un conjunto de garant\u00edas que permite a los compradores comprar con confianza en nuestro sitio web.<\/p>\n<p>Est\u00e1s protegido cuando:<\/p>\n<ul>\n<li>El art\u00edculo que usted orden\u00f3 no lleg\u00f3 dentro del tiempo prometido por el vendedor.<\/li>\n<li>El art\u00edculo que recibiste no fue como se describe.<\/li>\n<li>El art\u00edculo que usted recibi\u00f3 y que le aseguraron que era genuino era falso.<\/li>\n<\/ul>","protected":false},"excerpt":{"rendered":"<p>How to search products? Search for products by entering the product name or keyword into the Search Bar at the top of any page. Try to enter a general description. The more keywords you use, the less products you will get in the results page. When you find a product you\u2019re interested in, simply click [&#8230;]\n","protected":false},"author":1,"featured_media":0,"parent":0,"menu_order":8,"comment_status":"closed","ping_status":"closed","template":"page-templates\/page-narrow.php","meta":{"slim_seo":{"title":"Frequently asked questions - Start Me A Biz","description":"\u00bfC\u00f3mo buscar productos? Busque productos ingresando el nombre del producto o una palabra clave en la barra de b\u00fasqueda en la parte superior de cualquier p\u00e1gina. Intente ingresar una descripci\u00f3n general."},"footnotes":""},"class_list":["post-261","page","type-page","status-publish","hentry"],"_links":{"self":[{"href":"https:\/\/startmeabiz.com\/es\/wp-json\/wp\/v2\/pages\/261","targetHints":{"allow":["GET"]}}],"collection":[{"href":"https:\/\/startmeabiz.com\/es\/wp-json\/wp\/v2\/pages"}],"about":[{"href":"https:\/\/startmeabiz.com\/es\/wp-json\/wp\/v2\/types\/page"}],"author":[{"embeddable":true,"href":"https:\/\/startmeabiz.com\/es\/wp-json\/wp\/v2\/users\/1"}],"replies":[{"embeddable":true,"href":"https:\/\/startmeabiz.com\/es\/wp-json\/wp\/v2\/comments?post=261"}],"version-history":[{"count":0,"href":"https:\/\/startmeabiz.com\/es\/wp-json\/wp\/v2\/pages\/261\/revisions"}],"wp:attachment":[{"href":"https:\/\/startmeabiz.com\/es\/wp-json\/wp\/v2\/media?parent=261"}],"curies":[{"name":"wp","href":"https:\/\/api.w.org\/{rel}","templated":true}]}}